{"id":6932,"date":"2019-02-25T04:47:40","date_gmt":"2019-02-25T04:47:40","guid":{"rendered":"https:\/\/demo.goodlayers.com\/attorna\/?page_id=5933"},"modified":"2022-09-15T21:23:06","modified_gmt":"2022-09-15T19:23:06","slug":"kancelaria-kosiorek","status":"publish","type":"page","link":"http:\/\/kancelariakosiorek.pl\/","title":{"rendered":"Strona g\u0142\u00f3wna"},"content":{"rendered":"","protected":false},"excerpt":{"rendered":"","protected":false},"author":1,"featured_media":0,"parent":0,"menu_order":0,"comment_status":"closed","ping_status":"closed","template":"","meta":{"footnotes":""},"class_list":["post-6932","page","type-page","status-publish","hentry"],"yoast_head":"<!-- This site is optimized with the Yoast SEO plugin v27.4 - https:\/\/yoast.com\/product\/yoast-seo-wordpress\/ -->\n<title>Strona g\u0142\u00f3wna - Kancelaria Kosiorek<\/title>\n<meta name=\"description\" content=\"Indywidualna kancelaria adwokacka Filip Kosiorek. Sprawy cywilne, ze szczeg\u00f3lnym uwzgl\u0119dnieniem spraw z zakresu prawa rodzinnego i nieruchomo\u015bci. Prowadz\u0119 trudne i zawi\u0142e sprawy maj\u0105tkowe, post\u0119powania s\u0105dowe, administracyjne oraz arbitra\u017cowe.\" \/>\n<meta name=\"robots\" content=\"index, follow, max-snippet:-1, max-image-preview:large, max-video-preview:-1\" \/>\n<link rel=\"canonical\" href=\"https:\/\/kancelariakosiorek.pl\/\" \/>\n<meta property=\"og:locale\" content=\"en_US\" \/>\n<meta property=\"og:type\" content=\"article\" \/>\n<meta property=\"og:title\" content=\"Strona g\u0142\u00f3wna - Kancelaria Kosiorek\" \/>\n<meta property=\"og:description\" content=\"Indywidualna kancelaria adwokacka Filip Kosiorek. Sprawy cywilne, ze szczeg\u00f3lnym uwzgl\u0119dnieniem spraw z zakresu prawa rodzinnego i nieruchomo\u015bci. Prowadz\u0119 trudne i zawi\u0142e sprawy maj\u0105tkowe, post\u0119powania s\u0105dowe, administracyjne oraz arbitra\u017cowe.\" \/>\n<meta property=\"og:url\" content=\"https:\/\/kancelariakosiorek.pl\/\" \/>\n<meta property=\"og:site_name\" content=\"Kancelaria Kosiorek\" \/>\n<meta property=\"article:modified_time\" content=\"2022-09-15T19:23:06+00:00\" \/>\n<meta name=\"twitter:card\" content=\"summary_large_image\" \/>\n<script type=\"application\/ld+json\" class=\"yoast-schema-graph\">{\"@context\":\"https:\\\/\\\/schema.org\",\"@graph\":[{\"@type\":\"WebPage\",\"@id\":\"https:\\\/\\\/kancelariakosiorek.pl\\\/\",\"url\":\"https:\\\/\\\/kancelariakosiorek.pl\\\/\",\"name\":\"Strona g\u0142\u00f3wna - Kancelaria Kosiorek\",\"isPartOf\":{\"@id\":\"https:\\\/\\\/kancelariakosiorek.pl\\\/#website\"},\"datePublished\":\"2019-02-25T04:47:40+00:00\",\"dateModified\":\"2022-09-15T19:23:06+00:00\",\"description\":\"Indywidualna kancelaria adwokacka Filip Kosiorek. Sprawy cywilne, ze szczeg\u00f3lnym uwzgl\u0119dnieniem spraw z zakresu prawa rodzinnego i nieruchomo\u015bci. Prowadz\u0119 trudne i zawi\u0142e sprawy maj\u0105tkowe, post\u0119powania s\u0105dowe, administracyjne oraz arbitra\u017cowe.\",\"breadcrumb\":{\"@id\":\"https:\\\/\\\/kancelariakosiorek.pl\\\/#breadcrumb\"},\"inLanguage\":\"en-US\",\"potentialAction\":[{\"@type\":\"ReadAction\",\"target\":[\"https:\\\/\\\/kancelariakosiorek.pl\\\/\"]}]},{\"@type\":\"BreadcrumbList\",\"@id\":\"https:\\\/\\\/kancelariakosiorek.pl\\\/#breadcrumb\",\"itemListElement\":[{\"@type\":\"ListItem\",\"position\":1,\"name\":\"Home\",\"item\":\"https:\\\/\\\/kancelariakosiorek.pl\\\/\"},{\"@type\":\"ListItem\",\"position\":2,\"name\":\"Strona g\u0142\u00f3wna\"}]},{\"@type\":\"WebSite\",\"@id\":\"https:\\\/\\\/kancelariakosiorek.pl\\\/#website\",\"url\":\"https:\\\/\\\/kancelariakosiorek.pl\\\/\",\"name\":\"Kancelaria Kosiorek\",\"description\":\"Adwokat Filip Kosiorek\",\"potentialAction\":[{\"@type\":\"SearchAction\",\"target\":{\"@type\":\"EntryPoint\",\"urlTemplate\":\"https:\\\/\\\/kancelariakosiorek.pl\\\/?s={search_term_string}\"},\"query-input\":{\"@type\":\"PropertyValueSpecification\",\"valueRequired\":true,\"valueName\":\"search_term_string\"}}],\"inLanguage\":\"en-US\"}]}<\/script>\n<!-- \/ Yoast SEO plugin. -->","yoast_head_json":{"title":"Strona g\u0142\u00f3wna - Kancelaria Kosiorek","description":"Indywidualna kancelaria adwokacka Filip Kosiorek. Sprawy cywilne, ze szczeg\u00f3lnym uwzgl\u0119dnieniem spraw z zakresu prawa rodzinnego i nieruchomo\u015bci. Prowadz\u0119 trudne i zawi\u0142e sprawy maj\u0105tkowe, post\u0119powania s\u0105dowe, administracyjne oraz arbitra\u017cowe.","robots":{"index":"index","follow":"follow","max-snippet":"max-snippet:-1","max-image-preview":"max-image-preview:large","max-video-preview":"max-video-preview:-1"},"canonical":"https:\/\/kancelariakosiorek.pl\/","og_locale":"en_US","og_type":"article","og_title":"Strona g\u0142\u00f3wna - Kancelaria Kosiorek","og_description":"Indywidualna kancelaria adwokacka Filip Kosiorek. Sprawy cywilne, ze szczeg\u00f3lnym uwzgl\u0119dnieniem spraw z zakresu prawa rodzinnego i nieruchomo\u015bci. Prowadz\u0119 trudne i zawi\u0142e sprawy maj\u0105tkowe, post\u0119powania s\u0105dowe, administracyjne oraz arbitra\u017cowe.","og_url":"https:\/\/kancelariakosiorek.pl\/","og_site_name":"Kancelaria Kosiorek","article_modified_time":"2022-09-15T19:23:06+00:00","twitter_card":"summary_large_image","schema":{"@context":"https:\/\/schema.org","@graph":[{"@type":"WebPage","@id":"https:\/\/kancelariakosiorek.pl\/","url":"https:\/\/kancelariakosiorek.pl\/","name":"Strona g\u0142\u00f3wna - Kancelaria Kosiorek","isPartOf":{"@id":"https:\/\/kancelariakosiorek.pl\/#website"},"datePublished":"2019-02-25T04:47:40+00:00","dateModified":"2022-09-15T19:23:06+00:00","description":"Indywidualna kancelaria adwokacka Filip Kosiorek. Sprawy cywilne, ze szczeg\u00f3lnym uwzgl\u0119dnieniem spraw z zakresu prawa rodzinnego i nieruchomo\u015bci. Prowadz\u0119 trudne i zawi\u0142e sprawy maj\u0105tkowe, post\u0119powania s\u0105dowe, administracyjne oraz arbitra\u017cowe.","breadcrumb":{"@id":"https:\/\/kancelariakosiorek.pl\/#breadcrumb"},"inLanguage":"en-US","potentialAction":[{"@type":"ReadAction","target":["https:\/\/kancelariakosiorek.pl\/"]}]},{"@type":"BreadcrumbList","@id":"https:\/\/kancelariakosiorek.pl\/#breadcrumb","itemListElement":[{"@type":"ListItem","position":1,"name":"Home","item":"https:\/\/kancelariakosiorek.pl\/"},{"@type":"ListItem","position":2,"name":"Strona g\u0142\u00f3wna"}]},{"@type":"WebSite","@id":"https:\/\/kancelariakosiorek.pl\/#website","url":"https:\/\/kancelariakosiorek.pl\/","name":"Kancelaria Kosiorek","description":"Adwokat Filip Kosiorek","potentialAction":[{"@type":"SearchAction","target":{"@type":"EntryPoint","urlTemplate":"https:\/\/kancelariakosiorek.pl\/?s={search_term_string}"},"query-input":{"@type":"PropertyValueSpecification","valueRequired":true,"valueName":"search_term_string"}}],"inLanguage":"en-US"}]}},"_links":{"self":[{"href":"http:\/\/kancelariakosiorek.pl\/index.php?rest_route=\/wp\/v2\/pages\/6932","targetHints":{"allow":["GET"]}}],"collection":[{"href":"http:\/\/kancelariakosiorek.pl\/index.php?rest_route=\/wp\/v2\/pages"}],"about":[{"href":"http:\/\/kancelariakosiorek.pl\/index.php?rest_route=\/wp\/v2\/types\/page"}],"author":[{"embeddable":true,"href":"http:\/\/kancelariakosiorek.pl\/index.php?rest_route=\/wp\/v2\/users\/1"}],"replies":[{"embeddable":true,"href":"http:\/\/kancelariakosiorek.pl\/index.php?rest_route=%2Fwp%2Fv2%2Fcomments&post=6932"}],"version-history":[{"count":4,"href":"http:\/\/kancelariakosiorek.pl\/index.php?rest_route=\/wp\/v2\/pages\/6932\/revisions"}],"predecessor-version":[{"id":7044,"href":"http:\/\/kancelariakosiorek.pl\/index.php?rest_route=\/wp\/v2\/pages\/6932\/revisions\/7044"}],"wp:attachment":[{"href":"http:\/\/kancelariakosiorek.pl\/index.php?rest_route=%2Fwp%2Fv2%2Fmedia&parent=6932"}],"curies":[{"name":"wp","href":"https:\/\/api.w.org\/{rel}","templated":true}]}}